{"id":2,"date":"2023-07-21T16:43:50","date_gmt":"2023-07-21T19:43:50","guid":{"rendered":"http:\/\/cicech.org\/?page_id=2"},"modified":"2024-12-13T09:52:28","modified_gmt":"2024-12-13T12:52:28","slug":"socios","status":"publish","type":"page","link":"https:\/\/cicech.org\/index.php\/socios\/","title":{"rendered":"Especial Socios"},"content":{"rendered":"\n<p><strong>Visi\u00f3n de la C\u00e1mara de Industria y Comercio del Este del Chubut<\/strong><\/p>\n\n\n\n<p><strong>&#8220;A trav\u00e9s de nuestra C\u00e1mara, los comerciantes se unen no para pedir, sino para trabajar juntos en la creaci\u00f3n de oportunidades y soluciones.&#8221;<\/strong><\/p>\n\n\n\n<p>Nuestra C\u00e1mara es la voz unificada y fuerte de los comerciantes, dedicada a defender y promover sus intereses. Fomentamos la participaci\u00f3n activa de nuestros miembros para construir una comunidad empresarial s\u00f3lida y resiliente.<\/p>\n\n\n\n<p>V\u00edas de comunicaci\u00f3n:<\/p>\n\n\n\n<p>Direcci\u00f3n: Fontana 355 &#8211; Trelew &#8211; Chubut<br>Tel\u00e9fono m\u00f3vil: 2804401657<br>Tel\u00e9fono fijo: 2804420317<br>Correo: cicechtw1@gmail.com<\/p>\n\n\n\n<p><a href=\"https:\/\/docs.google.com\/forms\/d\/e\/1FAIpQLSfCNYa0tY0nCsbaLpc7nDi00nK2xlP7nzrWzpyU9HfFDNE0wg\/viewform\" title=\"\">Hazte socio<\/a><\/p>\n\n\n\n<p><strong>Beneficios especiales<\/strong>:<\/p>\n\n\n\n<p><a href=\"https:\/\/cicech.org\/index.php\/2023\/07\/27\/potencia-tu-negocio-con-los-cursos-online-focalizados-exclusivos-para-socios-cicech\/\">\u00a1Potencia Tu Negocio con los Cursos Online Focalizados Exclusivos para Socios CICECH! &#8211; cicech.org<\/a><\/p>\n\n\n\n<p><\/p>\n\n\n\n<p><a href=\"https:\/\/cicech.org\/index.php\/2023\/08\/16\/nueva-alianza-con-estudio-juridico-ojeda-arca-wagner-arca-basbous-servicios-juridicos-exclusivos-para-los-socios-de-la-cicech\/\">Nueva Alianza con Estudio Jur\u00eddico OJEDA ARCA\u2013WAGNER\u2013ARCA BASBOUS: Servicios Jur\u00eddicos Exclusivos para los Socios de la CICECH &#8211; cicech.org<\/a><\/p>\n\n\n\n<p><a href=\"https:\/\/cicech.org\/index.php\/2023\/08\/23\/transporte-richter-una-propuesta-comercial-exclusiva-para-socios-de-la-camara-de-industria-y-comercio-de-trelew\/\">Transporte Richter: Una Propuesta Comercial Exclusiva para Socios de la C\u00e1mara de Industria y Comercio de Trelew &#8211; cicech.org<\/a><\/p>\n\n\n\n<p><a href=\"https:\/\/cicech.org\/index.php\/2023\/08\/30\/nueva-opcion-de-pago-de-cuota-societaria-transferencia-bancaria\/\">Nueva Opci\u00f3n de Pago de Cuota Societaria: Transferencia Bancaria &#8211; cicech.org<\/a><\/p>\n\n\n\n<p><\/p>\n\n\n\n<p><\/p>\n","protected":false},"excerpt":{"rendered":"<p>Visi\u00f3n de la C\u00e1mara de Industria y Comercio del Este del Chubut &#8220;A trav\u00e9s de nuestra C\u00e1mara, los comerciantes se unen no para pedir, sino para trabajar juntos en la creaci\u00f3n de oportunidades y soluciones.&#8221; Nuestra C\u00e1mara es la voz unificada y fuerte de los comerciantes, dedicada a defender y promover sus intereses. Fomentamos la [&hellip;]<\/p>\n","protected":false},"author":1,"featured_media":0,"parent":0,"menu_order":0,"comment_status":"closed","ping_status":"open","template":"","meta":{"om_disable_all_campaigns":false,"_monsterinsights_skip_tracking":false,"_monsterinsights_sitenote_active":false,"_monsterinsights_sitenote_note":"","_monsterinsights_sitenote_category":0},"aioseo_notices":[],"_links":{"self":[{"href":"https:\/\/cicech.org\/index.php\/wp-json\/wp\/v2\/pages\/2"}],"collection":[{"href":"https:\/\/cicech.org\/index.php\/wp-json\/wp\/v2\/pages"}],"about":[{"href":"https:\/\/cicech.org\/index.php\/wp-json\/wp\/v2\/types\/page"}],"author":[{"embeddable":true,"href":"https:\/\/cicech.org\/index.php\/wp-json\/wp\/v2\/users\/1"}],"replies":[{"embeddable":true,"href":"https:\/\/cicech.org\/index.php\/wp-json\/wp\/v2\/comments?post=2"}],"version-history":[{"count":11,"href":"https:\/\/cicech.org\/index.php\/wp-json\/wp\/v2\/pages\/2\/revisions"}],"predecessor-version":[{"id":1133,"href":"https:\/\/cicech.org\/index.php\/wp-json\/wp\/v2\/pages\/2\/revisions\/1133"}],"wp:attachment":[{"href":"https:\/\/cicech.org\/index.php\/wp-json\/wp\/v2\/media?parent=2"}],"curies":[{"name":"wp","href":"https:\/\/api.w.org\/{rel}","templated":true}]}}